{"id":19486,"date":"2024-03-13T15:46:04","date_gmt":"2024-03-13T14:46:04","guid":{"rendered":"https:\/\/anrp.info\/?page_id=19486"},"modified":"2024-03-14T08:22:04","modified_gmt":"2024-03-14T07:22:04","slug":"historique","status":"publish","type":"page","link":"https:\/\/anrp.info\/?page_id=19486","title":{"rendered":"Historique"},"content":{"rendered":"\t\t<div data-elementor-type=\"wp-page\" data-elementor-id=\"19486\" class=\"elementor elementor-19486\">\n\t\t\t\t<div class=\"elementor-element elementor-element-aac384c e-flex e-con-boxed wpr-particle-no wpr-jarallax-no wpr-parallax-no wpr-sticky-section-no e-con e-parent\" data-id=\"aac384c\" data-element_type=\"container\" data-core-v316-plus=\"true\">\n\t\t\t\t\t<div class=\"e-con-inner\">\n\t\t\t\t<div class=\"elementor-element elementor-element-864c1a0 elementor-widget elementor-widget-timeline-widget-addon\" data-id=\"864c1a0\" data-element_type=\"widget\" data-widget_type=\"timeline-widget-addon.default\">\n\t\t\t\t<div class=\"elementor-widget-container\">\n\t\t\t<!-- ========= Timeline Widget Addon For Elementor 1.5.6 ========= -->\r\n<div id=\"twae-wrapper-864c1a0\" class=\"twae-vertical twae-wrapper  twae-both-sided\">   \r\n    <div class=\"twae-start\"><\/div>    \r\n    <div id=\"twea-timeline-864c1a0\" class=\"twae-timeline\" ><!-- Start of Story Repeater Content --><div id=\"story-5d056ec\" class=\"twae-story twae-repeater-item twae-story-right twae-story-no-icon\"><!-- Story Label --><div class=\"twae-labels\"><div class=\"twae-label-big\">2018<\/div><\/div><!-- Story Icon --><div class=\"twae-icon\"><i aria-hidden=\"true\" class=\"far fa-clock\"><\/i><\/div><!-- Story Arrow --><div class=\"twae-arrow\"><\/div><!-- Start of Story Content --><div class=\"twae-content\"><!-- Story Title --><div class=\"twae-title\">L'Agence nationale de r\u00e9gulation pharmaceutique (ANRP) <\/div><!-- Story Description --><div class=\"twae-description\"><ul><li>D\u00e9cret N\u00b02018-0861\/PRES\/PM\/MINEFID\/MS du 5 octobre 2018 portant cr\u00e9ation de l\u2019Agence nationale de r\u00e9gulation pharmaceutique<\/li><li>D\u00e9cret N\u00b02018-0911\/PRES\/PM\/MINEFID\/MS du 11 octobre 2018 portant statut particulier de l\u2019ANRP<\/li><li><strong>Mise en oeuvre de toutes les fonctions r\u00e9glementaires<\/strong><\/li><\/ul><\/div><\/div><\/div><!-- Start of Story Repeater Content --><div id=\"story-9158bfe\" class=\"twae-story twae-repeater-item twae-story-left twae-story-no-icon\"><!-- Story Label --><div class=\"twae-labels\"><div class=\"twae-label-big\">2002<\/div><\/div><!-- Story Icon --><div class=\"twae-icon\"><i aria-hidden=\"true\" class=\"far fa-clock\"><\/i><\/div><!-- Story Arrow --><div class=\"twae-arrow\"><\/div><!-- Start of Story Content --><div class=\"twae-content\"><!-- Story Title --><div class=\"twae-title\">La Direction g\u00e9n\u00e9rale de la pharmacie, du m\u00e9dicament et des laboratoires (DGPML) <\/div><!-- Story Description --><div class=\"twae-description\"><ul><li>D\u00e9cret n\u00b02002-464\/PRES\/PM\/MS du 28 octobre 2002 portant organisation du Minist\u00e8re de la sant\u00e9<\/li><li>Arr\u00eat\u00e9 n\u00b02013-1279\/\/MS\/CAB portant attributions, organisation et fonctionnement de la Direction g\u00e9n\u00e9rale de la pharmacie, du m\u00e9dicament et des laboratoires<\/li><li>Fonctions r\u00e9glementaires mises en oeuvre : contr\u00f4le des importations, octroi des licences, inspection pharmaceutique, contr\u00f4le des stup\u00e9fiants, homologation, Usage rationnel et information pharmaceutique, pharmacovigilance et <strong>autres vigilances, contr\u00f4le\u00a0 de la publicit\u00e9 et de la promotion, autorisation des essais cliniques, surveillance du march\u00e9, controle de la qualit\u00e9<\/strong><\/li><\/ul><\/div><\/div><\/div><!-- Start of Story Repeater Content --><div id=\"story-c6dfebf\" class=\"twae-story twae-repeater-item twae-story-right twae-story-no-icon\"><!-- Story Label --><div class=\"twae-labels\"><div class=\"twae-label-big\">1975<\/div><\/div><!-- Story Icon --><div class=\"twae-icon\"><i aria-hidden=\"true\" class=\"far fa-clock\"><\/i><\/div><!-- Story Arrow --><div class=\"twae-arrow\"><\/div><!-- Start of Story Content --><div class=\"twae-content\"><!-- Story Title --><div class=\"twae-title\">La Direction des services pharmaceutiques (DSPh)<\/div><!-- Story Description --><div class=\"twae-description\"><ul><li>D\u00e9cret n\u00b075-56 PRES.SP.P.AS du 19 f\u00e9vrier 1975 portant organisation du Minist\u00e8re de la sant\u00e9 publique<\/li><li>Fonctions r\u00e9glementaires mises en oeuvre : contr\u00f4le des importations, octroi des licences, inspection pharmaceutique, contr\u00f4le des stup\u00e9fiants, <b>homologation, pharmacovigilance, Usage rationnel et information pharmaceutique<\/b><\/li><\/ul><p>\u00a0<\/p><\/div><\/div><\/div><!-- Start of Story Repeater Content --><div id=\"story-4503282\" class=\"twae-story twae-repeater-item twae-story-left twae-story-no-icon\"><!-- Story Label --><div class=\"twae-labels\"><div class=\"twae-label-big\">1966<\/div><\/div><!-- Story Icon --><div class=\"twae-icon\"><i aria-hidden=\"true\" class=\"far fa-clock\"><\/i><\/div><!-- Story Arrow --><div class=\"twae-arrow\"><\/div><!-- Start of Story Content --><div class=\"twae-content\"><!-- Story Title --><div class=\"twae-title\">La section de pharmacie de la Direction g\u00e9n\u00e9rale de la sant\u00e9 publique, de la population et des affaires sociales (DGSPPAS)<\/div><!-- Story Description --><div class=\"twae-description\"><ul><li>D\u00e9cret n\u00b0277\/PRES.SP.P du 6 ao\u00fbt 1966 portant organisation du Minist\u00e8re de la sant\u00e9 publique et de la population (MSPP)<\/li><li>Fonctions r\u00e9glementaires mises en oeuvre : contr\u00f4le des importations, octroi des licences, <b>inspection pharmaceutique, contr\u00f4le des stup\u00e9fiants<\/b><\/li><\/ul><p>\u00a0<\/p><\/div><\/div><\/div><!-- Start of Story Repeater Content --><div id=\"story-9c203a4\" class=\"twae-story twae-repeater-item twae-story-right twae-story-no-icon\"><!-- Story Label --><div class=\"twae-labels\"><div class=\"twae-label-big\">1963<\/div><\/div><!-- Story Icon --><div class=\"twae-icon\"><i aria-hidden=\"true\" class=\"far fa-clock\"><\/i><\/div><!-- Story Arrow --><div class=\"twae-arrow\"><\/div><!-- Start of Story Content --><div class=\"twae-content\"><!-- Story Title --><div class=\"twae-title\">La Pharmacie nationale<\/div><!-- Story Description --><div class=\"twae-description\"><ul><li>Loi n\u00b038\/63\/AN du 24 juillet 1963 - Etablissement public national de l\u2019Etat :<\/li><li>Gestion de l'approvisionnement pharmaceutique<\/li><li>Fonctions r\u00e9glementaires mises en oeuvre : <b>contr\u00f4le des importations, octroi des licences<\/b><\/li><\/ul><p>\u00a0<\/p><\/div><\/div><\/div><\/div>\r\n    <div class=\"twae-end\"><\/div>\r\n    <\/div><style type=\"text\/css\">@media (max-width: 1024px){ .twae-wrapper{--tw-ybx-size: 80px !important;}}@media (max-width: 767px){ .twae-wrapper{--tw-ybx-size: 80px !important}}<\/style>\t\t<\/div>\n\t\t\t\t<\/div>\n\t\t\t\t\t<\/div>\n\t\t\t\t<\/div>\n\t\t\t\t<\/div>\n\t\t","protected":false},"excerpt":{"rendered":"<p>2018L&rsquo;Agence nationale de r\u00e9gulation pharmaceutique (ANRP) D\u00e9cret N\u00b02018-0861\/PRES\/PM\/MINEFID\/MS du 5 octobre 2018 portant cr\u00e9ation de l\u2019Agence nationale de r\u00e9gulation pharmaceutique D\u00e9cret N\u00b02018-0911\/PRES\/PM\/MINEFID\/MS du 11 octobre 2018 portant statut particulier de l\u2019ANRP Mise en oeuvre de toutes les fonctions r\u00e9glementaires 2002La Direction g\u00e9n\u00e9rale de la pharmacie, du m\u00e9dicament et des laboratoires (DGPML) D\u00e9cret n\u00b02002-464\/PRES\/PM\/MS du 28 [&hellip;]<\/p>\n","protected":false},"author":1,"featured_media":0,"parent":0,"menu_order":0,"comment_status":"closed","ping_status":"closed","template":"","meta":{"inline_featured_image":false,"_vp_format_video_url":"","_vp_image_focal_point":[],"footnotes":""},"class_list":["post-19486","page","type-page","status-publish","hentry"],"_links":{"self":[{"href":"https:\/\/anrp.info\/index.php?rest_route=\/wp\/v2\/pages\/19486","targetHints":{"allow":["GET"]}}],"collection":[{"href":"https:\/\/anrp.info\/index.php?rest_route=\/wp\/v2\/pages"}],"about":[{"href":"https:\/\/anrp.info\/index.php?rest_route=\/wp\/v2\/types\/page"}],"author":[{"embeddable":true,"href":"https:\/\/anrp.info\/index.php?rest_route=\/wp\/v2\/users\/1"}],"replies":[{"embeddable":true,"href":"https:\/\/anrp.info\/index.php?rest_route=%2Fwp%2Fv2%2Fcomments&post=19486"}],"version-history":[{"count":13,"href":"https:\/\/anrp.info\/index.php?rest_route=\/wp\/v2\/pages\/19486\/revisions"}],"predecessor-version":[{"id":19549,"href":"https:\/\/anrp.info\/index.php?rest_route=\/wp\/v2\/pages\/19486\/revisions\/19549"}],"wp:attachment":[{"href":"https:\/\/anrp.info\/index.php?rest_route=%2Fwp%2Fv2%2Fmedia&parent=19486"}],"curies":[{"name":"wp","href":"https:\/\/api.w.org\/{rel}","templated":true}]}}